{"id":3285,"date":"2018-06-10T23:58:34","date_gmt":"2018-06-10T23:58:34","guid":{"rendered":"http:\/\/dinnova.server1.valordigital.com.ar\/?page_id=3285"},"modified":"2018-07-05T17:23:28","modified_gmt":"2018-07-05T17:23:28","slug":"la-empresa","status":"publish","type":"page","link":"https:\/\/www.dinnova.com.ar\/?page_id=3285","title":{"rendered":"LA EMPRESA"},"content":{"rendered":"<\/div><\/div><\/div><!-- close content main div --><\/div><\/div><div id='full_slider_1' class='avia-fullwidth-slider main_color avia-shadow   container_wrap fullsize'   ><div  data-size='no scaling'  data-lightbox_size='large'  data-animation='slide'  data-ids='3367'  data-video_counter='0'  data-autoplay='false'  data-bg_slider='false'  data-slide_height=''  data-handle='av_slideshow_full'  data-interval='5'  data-class=' '  data-css_id=''  data-scroll_down=''  data-control_layout='av-control-default'  data-custom_markup=''  data-perma_caption=''  data-autoplay_stopper=''  data-image_attachment=''  data-min_height='0px'  data-src=''  data-position='top left'  data-repeat='no-repeat'  data-attach='scroll'  data-stretch=''  class='avia-slideshow avia-slideshow-1  av-control-default av-default-height-applied avia-slideshow-no scaling av_slideshow_full   avia-slide-slider '  itemscope=\"itemscope\" itemtype=\"https:\/\/schema.org\/ImageObject\" ><ul class='avia-slideshow-inner' style='padding-bottom: 23.333333333333%;'><li  class=' av-single-slide slide-1 ' ><div data-rel='slideshow-1' class='avia-slide-wrap'  ><img src='https:\/\/www.dinnova.com.ar\/wp-content\/uploads\/2018\/06\/1500x350-11-1.jpg' width='1500' height='350' title='1500x350-11' alt=''  itemprop=\"thumbnailUrl\"   \/><\/div><\/li><\/ul><\/div><\/div>\n<\/div><\/div><\/div><!-- close content main div --><\/div><\/div><div id='av-layout-grid-1' class='av-layout-grid-container entry-content-wrapper main_color av-flex-cells    container_wrap fullsize'   >\n<div class=\"flex_cell no_margin av_one_full   \" style='vertical-align:top; padding:30px; '><div class='flex_cell_inner' ><section class=\"av_textblock_section \"  itemscope=\"itemscope\" itemtype=\"https:\/\/schema.org\/CreativeWork\" ><div class='avia_textblock  av_inherit_color '  style='color:#0a0a0a; '  itemprop=\"text\" ><h2>NOSOTROS<\/h2>\n<\/div><\/section><br \/>\n<div style='height:30px' class='hr hr-invisible  '><span class='hr-inner ' ><span class='hr-inner-style'><\/span><\/span><\/div><br \/>\n<section class=\"av_textblock_section \"  itemscope=\"itemscope\" itemtype=\"https:\/\/schema.org\/CreativeWork\" ><div class='avia_textblock  av_inherit_color '  style='color:#0a0a0a; '  itemprop=\"text\" ><h4 style=\"text-align: left;\">Somos una empresa joven en constante crecimiento, dedicada principalmente a la fabricaci\u00f3n de piezas pl\u00e1sticas termoformadas para la industria, miner\u00eda y comercio.<\/h4>\n<h4 style=\"text-align: left;\">Dinnova fue creada por Sebastian Heras egresado de la Universidad Nacional de Cuyo con el t\u00edtulo de Dise\u00f1ador Industrial Especialidad en Productos. Despu\u00e9s de desarrollar una amplia experiencia trabajando para grandes empresas del rubro decidi\u00f3 iniciar su propio emprendimiento independiente.<\/h4>\n<\/div><\/section><br \/>\n<div style='height:30px' class='hr hr-invisible  '><span class='hr-inner ' ><span class='hr-inner-style'><\/span><\/span><\/div><\/p>\n<\/div><\/div><\/div><\/div><\/div><\/div><!-- close content main div --><\/div><\/div><div id='av_section_1' class='avia-section main_color avia-section-default avia-no-shadow avia-bg-style-scroll   av-minimum-height av-minimum-height-custom container_wrap fullsize' style = 'background-color: #416683; '  ><div class='container' style='height:15px'><div class='template-page content  av-content-full alpha units'><div class='post-entry post-entry-type-page post-entry-3285'><div class='entry-content-wrapper clearfix'>\n<section class=\"av_textblock_section \"  itemscope=\"itemscope\" itemtype=\"https:\/\/schema.org\/CreativeWork\" ><div class='avia_textblock  av_inherit_color '  style='color:#ffffff; '  itemprop=\"text\" ><h2>Nuestro Objetivo<\/h2>\n<\/div><\/section>\n<\/p>\n<\/div><\/div><\/div><!-- close content main div --><\/div><\/div><div id='av-layout-grid-2' class='av-layout-grid-container entry-content-wrapper main_color av-flex-cells    container_wrap fullsize'   >\n<div class=\"flex_cell no_margin av_one_full   \" style='vertical-align:top; padding:30px; '><div class='flex_cell_inner' ><p><div style='height:20px' class='hr hr-invisible  '><span class='hr-inner ' ><span class='hr-inner-style'><\/span><\/span><\/div><br \/>\n<section class=\"av_textblock_section \"  itemscope=\"itemscope\" itemtype=\"https:\/\/schema.org\/CreativeWork\" ><div class='avia_textblock  av_inherit_color '  style='color:#0a0a0a; '  itemprop=\"text\" ><h4 style=\"text-align: left;\">\u00a0 Es brindar un servicio integral en el desarrollo de proyectos industriales, manteniendo los est\u00e1ndares de calidad, seriedad profesional e integridad.<\/h4>\n<\/div><\/section><br \/>\n<div style='height:20px' class='hr hr-invisible  '><span class='hr-inner ' ><span class='hr-inner-style'><\/span><\/span><\/div><\/p>\n<\/div><\/div><\/div><\/div><\/div><\/div><!-- close content main div --><\/div><\/div><div id='av_section_2' class='avia-section main_color avia-section-default avia-no-shadow avia-bg-style-scroll   av-minimum-height av-minimum-height-custom container_wrap fullsize' style = 'background-color: #416683; '  ><div class='container' style='height:15px'><div class='template-page content  av-content-full alpha units'><div class='post-entry post-entry-type-page post-entry-3285'><div class='entry-content-wrapper clearfix'>\n<section class=\"av_textblock_section \"  itemscope=\"itemscope\" itemtype=\"https:\/\/schema.org\/CreativeWork\" ><div class='avia_textblock  av_inherit_color '  style='color:#ffffff; '  itemprop=\"text\" ><h2>Nuestros desaf\u00edo<\/h2>\n<\/div><\/section>\n<\/p>\n<\/div><\/div><\/div><!-- close content main div --><\/div><\/div><div id='av-layout-grid-3' class='av-layout-grid-container entry-content-wrapper main_color av-flex-cells    container_wrap fullsize'   >\n<div class=\"flex_cell no_margin av_one_full   \" style='vertical-align:top; padding:30px; '><div class='flex_cell_inner' ><p><div style='height:20px' class='hr hr-invisible  '><span class='hr-inner ' ><span class='hr-inner-style'><\/span><\/span><\/div><br \/>\n<section class=\"av_textblock_section \"  itemscope=\"itemscope\" itemtype=\"https:\/\/schema.org\/CreativeWork\" ><div class='avia_textblock  av_inherit_color '  style='color:#0a0a0a; '  itemprop=\"text\" ><h4>Su necesidad es nuestro desaf\u00edo, a trav\u00e9s del desarrollo productos que se ajusten a los requisitos de nuestros clientes. Optimizando el uso de los materiales y respetando el cuidado del medio ambiente.<\/h4>\n<\/div><\/section><br \/>\n<div style='height:20px' class='hr hr-invisible  '><span class='hr-inner ' ><span class='hr-inner-style'><\/span><\/span><\/div><br \/>\n<div style='height:20px' class='hr hr-invisible  '><span class='hr-inner ' ><span class='hr-inner-style'><\/span><\/span><\/div><br \/>\n<div style='height:20px' class='hr hr-invisible  '><span class='hr-inner ' ><span class='hr-inner-style'><\/span><\/span><\/div><\/p>\n<\/div><\/div>\n<\/div>\n<\/div><\/div><\/div><!-- close content main div --><\/div><\/div><div id='full_slider_2' class='avia-fullwidth-slider main_color avia-shadow   container_wrap fullsize'   ><div  data-size='no scaling'  data-lightbox_size='large'  data-animation='slide'  data-ids='3274'  data-video_counter='0'  data-autoplay='false'  data-bg_slider='false'  data-slide_height=''  data-handle='av_slideshow_full'  data-interval='5'  data-class=' '  data-css_id=''  data-scroll_down=''  data-control_layout='av-control-default'  data-custom_markup=''  data-perma_caption=''  data-autoplay_stopper=''  data-image_attachment=''  data-min_height='0px'  data-src=''  data-position='top left'  data-repeat='no-repeat'  data-attach='scroll'  data-stretch=''  class='avia-slideshow avia-slideshow-2  av-control-default av-default-height-applied avia-slideshow-no scaling av_slideshow_full   avia-slide-slider '  itemscope=\"itemscope\" itemtype=\"https:\/\/schema.org\/ImageObject\" ><ul class='avia-slideshow-inner' style='padding-bottom: 8.6%;'><li  class=' av-single-slide slide-1 ' ><div data-rel='slideshow-2' class='avia-slide-wrap'  ><div class = \"caption_fullwidth av-slideshow-caption caption_left caption_left_framed caption_framed\"><div class = \"container caption_container\"><div class = \"slideshow_caption\"><div class = \"slideshow_inner_caption\"><div class = \"slideshow_align_caption\"><a href='https:\/\/www.dinnova.com.ar\/?page_id=3336'  class='avia-slideshow-button avia-button avia-color-theme-color ' data-duration='800' data-easing='easeInOutQuad'>HAZ CLICK!<\/a><\/div><\/div><\/div><\/div><\/div><img src='https:\/\/www.dinnova.com.ar\/wp-content\/uploads\/2018\/06\/contacoto-4.jpg' width='1500' height='129' title='contacoto-4' alt=''  itemprop=\"thumbnailUrl\"   \/><\/div><\/li><\/ul><\/div><\/div>\n","protected":false},"excerpt":{"rendered":"","protected":false},"author":1,"featured_media":0,"parent":0,"menu_order":0,"comment_status":"closed","ping_status":"closed","template":"","meta":{"footnotes":""},"yoast_head":"<!-- This site is optimized with the Yoast SEO plugin v22.2 - https:\/\/yoast.com\/wordpress\/plugins\/seo\/ -->\n<title>LA EMPRESA - dinnova<\/title>\n<meta name=\"robots\" content=\"index, follow, max-snippet:-1, max-image-preview:large, max-video-preview:-1\" \/>\n<link rel=\"canonical\" href=\"https:\/\/www.dinnova.com.ar\/?page_id=3285\" \/>\n<meta property=\"og:locale\" content=\"es_ES\" \/>\n<meta property=\"og:type\" content=\"article\" \/>\n<meta property=\"og:title\" content=\"LA EMPRESA - dinnova\" \/>\n<meta property=\"og:url\" content=\"https:\/\/www.dinnova.com.ar\/?page_id=3285\" \/>\n<meta property=\"og:site_name\" content=\"dinnova\" \/>\n<meta property=\"article:modified_time\" content=\"2018-07-05T17:23:28+00:00\" \/>\n<meta name=\"twitter:card\" content=\"summary_large_image\" \/>\n<meta name=\"twitter:label1\" content=\"Tiempo de lectura\" \/>\n\t<meta name=\"twitter:data1\" content=\"7 minutos\" \/>\n<script type=\"application\/ld+json\" class=\"yoast-schema-graph\">{\"@context\":\"https:\/\/schema.org\",\"@graph\":[{\"@type\":\"WebPage\",\"@id\":\"https:\/\/www.dinnova.com.ar\/?page_id=3285\",\"url\":\"https:\/\/www.dinnova.com.ar\/?page_id=3285\",\"name\":\"LA EMPRESA - dinnova\",\"isPartOf\":{\"@id\":\"https:\/\/www.dinnova.com.ar\/#website\"},\"datePublished\":\"2018-06-10T23:58:34+00:00\",\"dateModified\":\"2018-07-05T17:23:28+00:00\",\"breadcrumb\":{\"@id\":\"https:\/\/www.dinnova.com.ar\/?page_id=3285#breadcrumb\"},\"inLanguage\":\"es\",\"potentialAction\":[{\"@type\":\"ReadAction\",\"target\":[\"https:\/\/www.dinnova.com.ar\/?page_id=3285\"]}]},{\"@type\":\"BreadcrumbList\",\"@id\":\"https:\/\/www.dinnova.com.ar\/?page_id=3285#breadcrumb\",\"itemListElement\":[{\"@type\":\"ListItem\",\"position\":1,\"name\":\"Home\",\"item\":\"https:\/\/www.dinnova.com.ar\/\"},{\"@type\":\"ListItem\",\"position\":2,\"name\":\"LA EMPRESA\"}]},{\"@type\":\"WebSite\",\"@id\":\"https:\/\/www.dinnova.com.ar\/#website\",\"url\":\"https:\/\/www.dinnova.com.ar\/\",\"name\":\"dinnova\",\"description\":\"\",\"potentialAction\":[{\"@type\":\"SearchAction\",\"target\":{\"@type\":\"EntryPoint\",\"urlTemplate\":\"https:\/\/www.dinnova.com.ar\/?s={search_term_string}\"},\"query-input\":\"required name=search_term_string\"}],\"inLanguage\":\"es\"}]}<\/script>\n<!-- \/ Yoast SEO plugin. -->","yoast_head_json":{"title":"LA EMPRESA - dinnova","robots":{"index":"index","follow":"follow","max-snippet":"max-snippet:-1","max-image-preview":"max-image-preview:large","max-video-preview":"max-video-preview:-1"},"canonical":"https:\/\/www.dinnova.com.ar\/?page_id=3285","og_locale":"es_ES","og_type":"article","og_title":"LA EMPRESA - dinnova","og_url":"https:\/\/www.dinnova.com.ar\/?page_id=3285","og_site_name":"dinnova","article_modified_time":"2018-07-05T17:23:28+00:00","twitter_card":"summary_large_image","twitter_misc":{"Tiempo de lectura":"7 minutos"},"schema":{"@context":"https:\/\/schema.org","@graph":[{"@type":"WebPage","@id":"https:\/\/www.dinnova.com.ar\/?page_id=3285","url":"https:\/\/www.dinnova.com.ar\/?page_id=3285","name":"LA EMPRESA - dinnova","isPartOf":{"@id":"https:\/\/www.dinnova.com.ar\/#website"},"datePublished":"2018-06-10T23:58:34+00:00","dateModified":"2018-07-05T17:23:28+00:00","breadcrumb":{"@id":"https:\/\/www.dinnova.com.ar\/?page_id=3285#breadcrumb"},"inLanguage":"es","potentialAction":[{"@type":"ReadAction","target":["https:\/\/www.dinnova.com.ar\/?page_id=3285"]}]},{"@type":"BreadcrumbList","@id":"https:\/\/www.dinnova.com.ar\/?page_id=3285#breadcrumb","itemListElement":[{"@type":"ListItem","position":1,"name":"Home","item":"https:\/\/www.dinnova.com.ar\/"},{"@type":"ListItem","position":2,"name":"LA EMPRESA"}]},{"@type":"WebSite","@id":"https:\/\/www.dinnova.com.ar\/#website","url":"https:\/\/www.dinnova.com.ar\/","name":"dinnova","description":"","potentialAction":[{"@type":"SearchAction","target":{"@type":"EntryPoint","urlTemplate":"https:\/\/www.dinnova.com.ar\/?s={search_term_string}"},"query-input":"required name=search_term_string"}],"inLanguage":"es"}]}},"_links":{"self":[{"href":"https:\/\/www.dinnova.com.ar\/index.php?rest_route=\/wp\/v2\/pages\/3285"}],"collection":[{"href":"https:\/\/www.dinnova.com.ar\/index.php?rest_route=\/wp\/v2\/pages"}],"about":[{"href":"https:\/\/www.dinnova.com.ar\/index.php?rest_route=\/wp\/v2\/types\/page"}],"author":[{"embeddable":true,"href":"https:\/\/www.dinnova.com.ar\/index.php?rest_route=\/wp\/v2\/users\/1"}],"replies":[{"embeddable":true,"href":"https:\/\/www.dinnova.com.ar\/index.php?rest_route=%2Fwp%2Fv2%2Fcomments&post=3285"}],"version-history":[{"count":11,"href":"https:\/\/www.dinnova.com.ar\/index.php?rest_route=\/wp\/v2\/pages\/3285\/revisions"}],"predecessor-version":[{"id":3393,"href":"https:\/\/www.dinnova.com.ar\/index.php?rest_route=\/wp\/v2\/pages\/3285\/revisions\/3393"}],"wp:attachment":[{"href":"https:\/\/www.dinnova.com.ar\/index.php?rest_route=%2Fwp%2Fv2%2Fmedia&parent=3285"}],"curies":[{"name":"wp","href":"https:\/\/api.w.org\/{rel}","templated":true}]}}